{"id":474,"date":"2025-02-26T08:58:59","date_gmt":"2025-02-26T08:58:59","guid":{"rendered":"https:\/\/splywy-campa.pl\/?page_id=474"},"modified":"2025-02-26T08:59:01","modified_gmt":"2025-02-26T08:59:01","slug":"autorzy","status":"publish","type":"page","link":"https:\/\/splywy-campa.pl\/ro\/autorzy\/","title":{"rendered":"Autori"},"content":{"rendered":"","protected":false},"excerpt":{"rendered":"","protected":false},"author":1,"featured_media":0,"parent":0,"menu_order":0,"comment_status":"closed","ping_status":"closed","template":"","meta":{"_acf_changed":false,"footnotes":""},"class_list":["post-474","page","type-page","status-publish","hentry"],"acf":[],"yoast_head":"<!-- This site is optimized with the Yoast SEO plugin v23.2 - https:\/\/yoast.com\/wordpress\/plugins\/seo\/ -->\n<title>Autorzy - splywy-campa.pl<\/title>\n<meta name=\"description\" content=\"Odkryj sylwetki naszych autor\u00f3w \u2013 ekspert\u00f3w w \u015bwiecie mody i stylu. Inspiracje, trendy i porady od profesjonalist\u00f3w!\" \/>\n<meta name=\"robots\" content=\"index, follow, max-snippet:-1, max-image-preview:large, max-video-preview:-1\" \/>\n<link rel=\"canonical\" href=\"https:\/\/splywy-campa.pl\/ro\/autorzy\/\" \/>\n<meta property=\"og:locale\" content=\"ro_RO\" \/>\n<meta property=\"og:type\" content=\"article\" \/>\n<meta property=\"og:title\" content=\"Autorzy - splywy-campa.pl\" \/>\n<meta property=\"og:description\" content=\"Odkryj sylwetki naszych autor\u00f3w \u2013 ekspert\u00f3w w \u015bwiecie mody i stylu. Inspiracje, trendy i porady od profesjonalist\u00f3w!\" \/>\n<meta property=\"og:url\" content=\"https:\/\/splywy-campa.pl\/ro\/autorzy\/\" \/>\n<meta property=\"og:site_name\" content=\"splywy-campa.pl\" \/>\n<meta property=\"article:modified_time\" content=\"2025-02-26T08:59:01+00:00\" \/>\n<meta name=\"twitter:card\" content=\"summary_large_image\" \/>\n<meta name=\"twitter:label1\" content=\"Timp estimat pentru citire\" \/>\n\t<meta name=\"twitter:data1\" content=\"1 minut\" \/>\n<script type=\"application\/ld+json\" class=\"yoast-schema-graph\">{\"@context\":\"https:\/\/schema.org\",\"@graph\":[{\"@type\":\"WebPage\",\"@id\":\"https:\/\/splywy-campa.pl\/autorzy\/\",\"url\":\"https:\/\/splywy-campa.pl\/autorzy\/\",\"name\":\"Autorzy - splywy-campa.pl\",\"isPartOf\":{\"@id\":\"https:\/\/splywy-campa.pl\/#website\"},\"datePublished\":\"2025-02-26T08:58:59+00:00\",\"dateModified\":\"2025-02-26T08:59:01+00:00\",\"description\":\"Odkryj sylwetki naszych autor\u00f3w \u2013 ekspert\u00f3w w \u015bwiecie mody i stylu. Inspiracje, trendy i porady od profesjonalist\u00f3w!\",\"breadcrumb\":{\"@id\":\"https:\/\/splywy-campa.pl\/autorzy\/#breadcrumb\"},\"inLanguage\":\"ro-RO\",\"potentialAction\":[{\"@type\":\"ReadAction\",\"target\":[\"https:\/\/splywy-campa.pl\/autorzy\/\"]}]},{\"@type\":\"BreadcrumbList\",\"@id\":\"https:\/\/splywy-campa.pl\/autorzy\/#breadcrumb\",\"itemListElement\":[{\"@type\":\"ListItem\",\"position\":1,\"name\":\"Home\",\"item\":\"https:\/\/splywy-campa.pl\/\"},{\"@type\":\"ListItem\",\"position\":2,\"name\":\"Autorzy\"}]},{\"@type\":\"WebSite\",\"@id\":\"https:\/\/splywy-campa.pl\/#website\",\"url\":\"https:\/\/splywy-campa.pl\/\",\"name\":\"splywy-campa.pl\",\"description\":\"Naszyjniki BFF: przyja\u017a\u0144 na zawsze.\",\"potentialAction\":[{\"@type\":\"SearchAction\",\"target\":{\"@type\":\"EntryPoint\",\"urlTemplate\":\"https:\/\/splywy-campa.pl\/?s={search_term_string}\"},\"query-input\":\"required name=search_term_string\"}],\"inLanguage\":\"ro-RO\"}]}<\/script>\n<!-- \/ Yoast SEO plugin. -->","yoast_head_json":{"title":"Autorzy - splywy-campa.pl","description":"Odkryj sylwetki naszych autor\u00f3w \u2013 ekspert\u00f3w w \u015bwiecie mody i stylu. Inspiracje, trendy i porady od profesjonalist\u00f3w!","robots":{"index":"index","follow":"follow","max-snippet":"max-snippet:-1","max-image-preview":"max-image-preview:large","max-video-preview":"max-video-preview:-1"},"canonical":"https:\/\/splywy-campa.pl\/ro\/autorzy\/","og_locale":"ro_RO","og_type":"article","og_title":"Autorzy - splywy-campa.pl","og_description":"Odkryj sylwetki naszych autor\u00f3w \u2013 ekspert\u00f3w w \u015bwiecie mody i stylu. Inspiracje, trendy i porady od profesjonalist\u00f3w!","og_url":"https:\/\/splywy-campa.pl\/ro\/autorzy\/","og_site_name":"splywy-campa.pl","article_modified_time":"2025-02-26T08:59:01+00:00","twitter_card":"summary_large_image","twitter_misc":{"Timp estimat pentru citire":"1 minut"},"schema":{"@context":"https:\/\/schema.org","@graph":[{"@type":"WebPage","@id":"https:\/\/splywy-campa.pl\/autorzy\/","url":"https:\/\/splywy-campa.pl\/autorzy\/","name":"Autorzy - splywy-campa.pl","isPartOf":{"@id":"https:\/\/splywy-campa.pl\/#website"},"datePublished":"2025-02-26T08:58:59+00:00","dateModified":"2025-02-26T08:59:01+00:00","description":"Odkryj sylwetki naszych autor\u00f3w \u2013 ekspert\u00f3w w \u015bwiecie mody i stylu. Inspiracje, trendy i porady od profesjonalist\u00f3w!","breadcrumb":{"@id":"https:\/\/splywy-campa.pl\/autorzy\/#breadcrumb"},"inLanguage":"ro-RO","potentialAction":[{"@type":"ReadAction","target":["https:\/\/splywy-campa.pl\/autorzy\/"]}]},{"@type":"BreadcrumbList","@id":"https:\/\/splywy-campa.pl\/autorzy\/#breadcrumb","itemListElement":[{"@type":"ListItem","position":1,"name":"Home","item":"https:\/\/splywy-campa.pl\/"},{"@type":"ListItem","position":2,"name":"Autorzy"}]},{"@type":"WebSite","@id":"https:\/\/splywy-campa.pl\/#website","url":"https:\/\/splywy-campa.pl\/","name":"splywy-campa.pl","description":"Naszyjniki BFF: przyja\u017a\u0144 na zawsze.","potentialAction":[{"@type":"SearchAction","target":{"@type":"EntryPoint","urlTemplate":"https:\/\/splywy-campa.pl\/?s={search_term_string}"},"query-input":"required name=search_term_string"}],"inLanguage":"ro-RO"}]}},"yoast_meta":{"yoast_wpseo_title":"","yoast_wpseo_metadesc":"","yoast_wpseo_canonical":"https:\/\/splywy-campa.pl\/ro\/wp-json\/wp\/v2\/pages\/474"},"_links":{"self":[{"href":"https:\/\/splywy-campa.pl\/ro\/wp-json\/wp\/v2\/pages\/474"}],"collection":[{"href":"https:\/\/splywy-campa.pl\/ro\/wp-json\/wp\/v2\/pages"}],"about":[{"href":"https:\/\/splywy-campa.pl\/ro\/wp-json\/wp\/v2\/types\/page"}],"author":[{"embeddable":true,"href":"https:\/\/splywy-campa.pl\/ro\/wp-json\/wp\/v2\/users\/1"}],"replies":[{"embeddable":true,"href":"https:\/\/splywy-campa.pl\/ro\/wp-json\/wp\/v2\/comments?post=474"}],"version-history":[{"count":1,"href":"https:\/\/splywy-campa.pl\/ro\/wp-json\/wp\/v2\/pages\/474\/revisions"}],"predecessor-version":[{"id":475,"href":"https:\/\/splywy-campa.pl\/ro\/wp-json\/wp\/v2\/pages\/474\/revisions\/475"}],"wp:attachment":[{"href":"https:\/\/splywy-campa.pl\/ro\/wp-json\/wp\/v2\/media?parent=474"}],"curies":[{"name":"wp","href":"https:\/\/api.w.org\/{rel}","templated":true}]}}